{"id":2136,"date":"2023-11-21T17:42:58","date_gmt":"2023-11-21T16:42:58","guid":{"rendered":"https:\/\/odfsz.hu\/?page_id=2136"},"modified":"2025-12-10T17:52:00","modified_gmt":"2025-12-10T16:52:00","slug":"elementor-2136","status":"publish","type":"page","link":"https:\/\/odfsz.hu\/?page_id=2136","title":{"rendered":"Sajt\u00f3szemle"},"content":{"rendered":"<style>\/*! elementor - v3.17.0 - 08-11-2023 *\/<br \/>\n.elementor-widget-image-box .elementor-image-box-content{width:100%}@media (min-width:768px){.elementor-widget-image-box.elementor-position-left .elementor-image-box-wrapper,.elementor-widget-image-box.elementor-position-right .elementor-image-box-wrapper{display:flex}.elementor-widget-image-box.elementor-position-right .elementor-image-box-wrapper{text-align:right;flex-direction:row-reverse}.elementor-widget-image-box.elementor-position-left .elementor-image-box-wrapper{text-align:left;flex-direction:row}.elementor-widget-image-box.elementor-position-top .elementor-image-box-img{margin:auto}.elementor-widget-image-box.elementor-vertical-align-top .elementor-image-box-wrapper{align-items:flex-start}.elementor-widget-image-box.elementor-vertical-align-middle .elementor-image-box-wrapper{align-items:center}.elementor-widget-image-box.elementor-vertical-align-bottom .elementor-image-box-wrapper{align-items:flex-end}}@media (max-width:767px){.elementor-widget-image-box .elementor-image-box-img{margin-left:auto!important;margin-right:auto!important;margin-bottom:15px}}.elementor-widget-image-box .elementor-image-box-img{display:inline-block}.elementor-widget-image-box .elementor-image-box-title a{color:inherit}.elementor-widget-image-box .elementor-image-box-wrapper{text-align:center}.elementor-widget-image-box .elementor-image-box-description{margin:0}<\/style>\n<figure><img fetchpriority=\"high\" decoding=\"async\" src=\"https:\/\/odfsz.hu\/wp-content\/uploads\/2023\/11\/sajto.jpg\" alt=\"\" width=\"600\" height=\"297\" \/><\/figure>\n<style>\/*! elementor - v3.17.0 - 08-11-2023 *\/<br \/>\n.elementor-heading-title{padding:0;margin:0;line-height:1}.elementor-widget-heading .elementor-heading-title[class*=elementor-size-]>a{color:inherit;font-size:inherit;line-height:inherit}.elementor-widget-heading .elementor-heading-title.elementor-size-small{font-size:15px}.elementor-widget-heading .elementor-heading-title.elementor-size-medium{font-size:19px}.elementor-widget-heading .elementor-heading-title.elementor-size-large{font-size:29px}.elementor-widget-heading .elementor-heading-title.elementor-size-xl{font-size:39px}.elementor-widget-heading .elementor-heading-title.elementor-size-xxl{font-size:59px}<\/style>\n<h2>Itt tal\u00e1lj\u00e1tok az Operah\u00e1zr\u00f3l, vagy szakszervezet\u00fcnkr\u0151l a m\u00e9di\u00e1ban megjelent tartalmak linkjeit.<br \/>\nHa fenti t\u00e9m\u00e1ban b\u00e1rmi \u00e9rdekes dologra bukkantok az interneten, jelezz\u00e9tek fel\u00e9nk az iroda@odfsz.hu-ra k\u00fcld\u00f6tt emaillel, \u00e9s mi sz\u00edvesen k\u00f6zz\u00e9tessz\u00fck!<\/h2>\n<ul>\n<li><a href=\"https:\/\/www.szeretlekmagyarorszag.hu\/kult\/habetler-andras-operahaz-haziorvos-tuntetes\/\">Nem kapott t\u00f6bb szerepet az Oper\u00e1ban a t\u00fcntet\u00e9sen felsz\u00f3lal\u00f3 \u00e9nekes, ez\u00e9rt visszat\u00e9rt eredeti szakm\u00e1j\u00e1hoz, \u00e9s h\u00e1ziorvos lett &#8211; szeretlekmagyarorszag.hu<\/a><\/li>\n<li><a href=\"https:\/\/merce.hu\/2025\/11\/28\/egesz-egyszeruen-megtorlas-bosszu-es-megfelemlites-ami-tortenik-all-a-bal-az-operahazban\/\">\u201eEg\u00e9sz egyszer\u0171en megtorl\u00e1s, bossz\u00fa \u00e9s megf\u00e9leml\u00edt\u00e9s, ami t\u00f6rt\u00e9nik\u201d \u2013 \u00e1ll a b\u00e1l az Operah\u00e1zban &#8211; m\u00e9rce<\/a><\/li>\n<li><a href=\"https:\/\/hvg.hu\/gazdasag\/20250815_Hiaba-szolalt-fel-a-dontes-ellen-a-szakszervezet-29-embert-elbocsatanak-az-Operabol\">Hi\u00e1ba k\u00fczd\u00f6tt a szakszervezet, biztoss\u00e1 v\u00e1lt a le\u00e9p\u00edt\u00e9s az Oper\u00e1ban &#8211; hvg<\/a><\/li>\n<li>\n<p class=\"leading-[120%]\"><a href=\"https:\/\/www.blikk.hu\/sztarvilag\/kultura\/atszervezes-az-operahazban-29-dolgozot-elbocsatanak\/x81zbbm?utm_source=hirkereso&amp;utm_medium=cpc&amp;utm_campaign=blikk-hirkereso\">Nem v\u00e1ltoztatott az Operah\u00e1z a d\u00f6nt\u00e9s\u00e9n, mindenk\u00e9ppen kir\u00fagnak 29 dolgoz\u00f3t<\/a><\/p>\n<\/li>\n<li><a href=\"https:\/\/telex.hu\/kult\/2025\/08\/20\/operahaz-elbocsatas-szakszervezetek-okovacs-szilveszter\">Nem j\u00e1rtak sikerrel az egyeztet\u00e9sek, elbocs\u00e1tanak 29 embert az Operah\u00e1zb\u00f3l &#8211; telex.hu<\/a><\/li>\n<li><a href=\"https:\/\/index.hu\/kultur\/2025\/08\/16\/operahaz-elbocsatas-munka-dontes\/\">Nem v\u00e1ltoztattak a d\u00f6nt\u00e9sen, az Operah\u00e1z elbocs\u00e1tja dolgoz\u00f3it &#8211; index.hu<\/a><\/li>\n<li><a href=\"https:\/\/nepszava.hu\/3291071_eldolt-elbocsatja-dolgozoit-az-operahaz\">Eld\u0151lt, elbocs\u00e1tja dolgoz\u00f3it az Operah\u00e1z &#8211; nepszava.hu<\/a><\/li>\n<li><a href=\"https:\/\/444.hu\/2025\/08\/15\/29-dolgozot-bocsat-el-az-operahaz-a-szakszervezetek-szerint-bosszuhadjarat-folyik\">29 dolgoz\u00f3t bocs\u00e1t el az Operah\u00e1z, a szakszervezetek szerint bossz\u00fahadj\u00e1rat folyik &#8211; 444.hu<\/a><\/li>\n<li><a href=\"https:\/\/index.hu\/kultur\/2025\/07\/24\/magyar-allami-operahaz-barany-balazs-okovacs-szilveszter-opera-elbocsatasok\/\">Megkezd\u0151d\u00f6tt a le\u00e9p\u00edt\u00e9s, sztr\u00e1jkol\u00f3kat is elbocs\u00e1t az Operah\u00e1z &#8211; index.hu<\/a><\/li>\n<li>\n<p class=\"style-scope ytd-watch-metadata\"><a href=\"https:\/\/www.youtube.com\/watch?v=BwvCLJZTAsg\">Le\u00e9p\u00edt\u00e9s az Operah\u00e1zban: &#8222;Ha f\u00f6l\u00f6sleges valaki, akkor nem tartjuk ott \u00e9s nem adunk neki fizet\u00e9st&#8221; &#8211; ATV egyenes besz\u00e9d<\/a><\/p>\n<\/li>\n<li><a href=\"https:\/\/www.klubradio.hu\/archivum\/reggeli-gyors-2025-junius-13-pentek-0600-49930\">Reggeli gyors &#8211; riport B\u00e1r\u00e1ny Bal\u00e1zs P\u00e9terrel (103:03-t\u00f3l) &#8211; Klubr\u00e1di\u00f3\u00a0<\/a><\/li>\n<li><a href=\"https:\/\/telex.hu\/belfold\/2025\/06\/13\/okovacs-szilveszter-reakcio-magyar-allami-operahaz-elbocsatasok\">\u00d3kov\u00e1cs Szilveszter a Telexnek: Ne f\u00e9ljenek az Oper\u00e1t\u00f3l! &#8211; telex<\/a><\/li>\n<li>\n<p id=\"brxe-b7d672\" class=\"brxe-post-title\"><a href=\"https:\/\/naphire.hu\/cikk\/operahaz-kirugas-atszervezes-okovacs\">\u00c1ll a b\u00e1l Operah\u00e1zban: 29 embert bocs\u00e1tanak el \u2013 egy sz\u00f3val indokolta a f\u0151igazgat\u00f3 a kir\u00fag\u00e1sokat &#8211; naph\u00edre<\/a><\/p>\n<\/li>\n<li><a href=\"https:\/\/mfor.hu\/cikkek\/kultura\/kormonfont-modon-bocsatjak-el-az-embereket-az-operahazbol.html\">K\u00f6rm\u00f6nfont m\u00f3don bocs\u00e1tj\u00e1k el az embereket az Operah\u00e1zb\u00f3l &#8211; mfor<\/a><\/li>\n<li><a href=\"https:\/\/www.blikk.hu\/sztarvilag\/kultura\/operahaz-kirugas-29-fo-elbocsatas\/8pzygpg?\">29 embert k\u00fcldhetnek el az Operah\u00e1zb\u00f3l, egyetlen sz\u00f3 az indokl\u00e1s &#8211; Blikk<\/a><\/li>\n<li>\n<p class=\"card-title\"><a href=\"https:\/\/magyarnarancs.hu\/belpol\/huszonkilenc-embert-rugnak-ki-az-operabol-276676\">Huszonkilenc embert r\u00fagnak ki az Oper\u00e1b\u00f3l &#8211; Magyar Narancs<\/a><\/p>\n<\/li>\n<li><a href=\"https:\/\/www.klubradio.hu\/hirek\/matek-az-operaban-egy-emberrel-kevesebbet-rugnak-ki-igy-nem-kell-egyeztetni-153188\">Matek az Oper\u00e1ban: egy emberrel kevesebbet r\u00fagnak ki, \u00edgy nem kell egyeztetni &#8211; Klubr\u00e1di\u00f3<\/a><\/li>\n<li><a href=\"https:\/\/index.hu\/kultur\/2025\/04\/08\/okovacs-szilveszter-magyar-allami-operahaz-foigazgato-barany-balazs-peter-nyilt-level-testszegyenites\/\">\u00d3kov\u00e1cs Szilveszter jogi l\u00e9p\u00e9seket fontolgat testsz\u00e9gyen\u00edt\u00e9s miatt &#8211; index.hu<\/a><\/li>\n<li>\n<p class=\"salvage\"><a href=\"https:\/\/momus.hu\/magazin\/fotema\/meg-egyszer-az-erkel-szinhazrol-es-a-dontes-kovetkezmenyeirol-immar-nemileg-higgadtabban\">M\u00e9g egyszer az Erkel Sz\u00ednh\u00e1zr\u00f3l \u00e9s a d\u00f6nt\u00e9s k\u00f6vetkezm\u00e9nyeir\u0151l \u2013 imm\u00e1r n\u00e9mileg higgadtabban<\/a><\/p>\n<\/li>\n<li>\n<p class=\"entry-title h1\"><a href=\"https:\/\/story.hu\/napi-friss\/2025\/01\/18\/botrany-az-operaban-okovacs-szilveszter-visszavette-kirugott-rivalisat-kesselyak-gergely\/\">\u00d3kov\u00e1cs Szilveszter visszavette kir\u00fagott riv\u00e1lis\u00e1t &#8211; Story magazin<\/a><\/p>\n<\/li>\n<li>\n<p class=\"card-title\"><a href=\"https:\/\/magyarnarancs.hu\/belpol\/operahazi-szakszervezet-csak-a-megfelemlites-volt-a-haszna-az-elbocsatasoknak-273541\">Operah\u00e1zi szakszervezet: Csak a megf\u00e9leml\u00edt\u00e9s volt a haszna az elbocs\u00e1t\u00e1soknak &#8211; Magyar Narancs<\/a><\/p>\n<\/li>\n<li>\n<p class=\"card-title\"><a href=\"https:\/\/hirklikk.hu\/kozelet\/bal-van-az-operahazban\/440585\">\u201eB\u00e1l\u201d van az Operah\u00e1zban &#8211; H\u00edrklikk<\/a><\/p>\n<\/li>\n<li><a href=\"https:\/\/odfsz.hu\/wp-content\/uploads\/2024\/10\/INTERJU.pdf\">&#8222;Nincs sz\u00f3 elbocs\u00e1t\u00e1sr\u00f3l&#8221; &#8211; Magyar Narancs 2024.10.24. nyomtatott verzi\u00f3<\/a><\/li>\n<li><a href=\"https:\/\/mfor.hu\/cikkek\/kultura\/magyar-allami-operahaz-okovacs-szilveszter-komment-facebook-stilus-szakszervezet.html\">\u201eM\u00e9ltatlan a 140 \u00e9ves int\u00e9zm\u00e9nyhez ez a hangnem\u201d &#8211; \u00d3kov\u00e1cs Szilveszter st\u00edlusa sok kommentel\u0151t kiakasztott\u00a0 &#8211;\u00a0<\/a><a href=\"https:\/\/mfor.hu\/cikkek\/kultura\/magyar-allami-operahaz-okovacs-szilveszter-komment-facebook-stilus-szakszervezet.html\" target=\"_blank\" rel=\"noopener\" data-saferedirecturl=\"https:\/\/www.google.com\/url?q=http:\/\/mfor.hu&amp;source=gmail&amp;ust=1729324218978000&amp;usg=AOvVaw0AeVlA83J9WssxPerJ6Twv\">mfor.hu<\/a><\/li>\n<li><a href=\"https:\/\/mandiner.hu\/kultura\/2024\/09\/minket-a-menetszel-hut-kulonben-vege-volna-a-140-eves-tortenetnek-okovacs-szilveszter-a-mandinernek\">\u201eMinket a menetsz\u00e9l h\u0171t, k\u00fcl\u00f6nben v\u00e9ge volna a 140 \u00e9ves t\u00f6rt\u00e9netnek\u201d \u2013 \u00d3kov\u00e1cs Szilveszter a Mandinernek &#8211; Mandiner<\/a><\/li>\n<li><a href=\"https:\/\/index.hu\/kultur\/2024\/09\/26\/magyar-allami-operahaz-szakszervezetek-hanko-balazs-sztrajk\/\">\u00dajabb adok-kapok az Operah\u00e1zban, megint felvet\u0151d\u00f6tt a sztr\u00e1jk lehet\u0151s\u00e9ge &#8211; index.hu<\/a><\/li>\n<li><a href=\"https:\/\/mfor.hu\/cikkek\/kultura\/nem-az-a-cel-hogy-az-operaban-haboru-legyen--forrnak-az-indulatok-a-dalszinhazban.html\">\u201eNem az a c\u00e9l, hogy az Oper\u00e1ban h\u00e1bor\u00fa legyen\u201d &#8211; forrnak az indulatok a dalsz\u00ednh\u00e1zban &#8211; mfor.hu<\/a><\/li>\n<li><a href=\"https:\/\/index.hu\/kultur\/2024\/09\/12\/okovacs-szilveszter-barany-balazs-magyar-allami-operahaz\/\">Megszakadtak a t\u00e1rgyal\u00e1sok a szakszervezet \u00e9s a vezet\u00e9s k\u00f6z\u00f6tt az Oper\u00e1ban &#8211; index.hu<\/a><\/li>\n<li>\n<p class=\"card-title\"><a href=\"https:\/\/magyarnarancs.hu\/belpol\/200-fo-elbocsatasatol-tartanak-az-operaban-270567\">200 f\u0151 elbocs\u00e1t\u00e1s\u00e1t\u00f3l tartanak az Oper\u00e1ban &#8211; Magyar Narancs<\/a><\/p>\n<\/li>\n<li class=\"card-title\"><a href=\"https:\/\/magyarnarancs.hu\/belpol\/a-bmw-nem-az-opera-vezetoseget-hanem-az-intezmenyt-akarja-tamogatni-a-tobb-tizmillios-autokkal-269891\">A BMW nem az Opera vezet\u0151s\u00e9g\u00e9t, hanem az int\u00e9zm\u00e9nyt akarja t\u00e1mogatni a t\u00f6bb t\u00edzmilli\u00f3s aut\u00f3kkal<\/a><\/li>\n<li><a href=\"https:\/\/index.hu\/kultur\/2024\/07\/18\/okovacs-szilveszter-magyar-allami-operahaz-luxusauto-reakcio\/\">Index &#8211; Kult\u00far &#8211; Itt az Operah\u00e1z reakci\u00f3ja \u00d3kov\u00e1cs Szilveszter hatvanmilli\u00f3s BMW-j\u00e9re, \u201ekir\u00e1lyi felhajt\u00f3j\u00e1ra\u201d<\/a><\/li>\n<li><a href=\"https:\/\/www.klubradio.hu\/adasok\/nemkiralyi-felhajto-rozsa-peter-jegyzete-145517\">Klubr\u00e1di\u00f3 &#8211; Nemkir\u00e1lyi felhajt\u00f3 (R\u00f3zsa P\u00e9ter jegyzete)<\/a><\/li>\n<li><a href=\"https:\/\/telex.hu\/kult\/2024\/07\/18\/bmw-okovacs-opera-reakcio\">Telex &#8211; Az Operah\u00e1z szerint a dolgoz\u00f3k b\u00e9remel\u00e9s\u00e9t is vesz\u00e9lyezteti, hogy cikk jelent meg \u00d3kov\u00e1cs BMW-j\u00e9r\u0151l<\/a><\/li>\n<li><a href=\"https:\/\/nepszava.hu\/3243471_mathe-zsuzsanna-magyra-allami-operahaz-bmw\">Megsz\u00f3lalt \u00d3kov\u00e1cs Szilveszter feles\u00e9ge, nincs csal\u00e1di BMW, \u0151 am\u00fagy sem mern\u00e9 vezetni az Opera kir\u00e1lyi felhajt\u00f3j\u00e1n parkol\u00f3t<\/a><\/li>\n<li><a href=\"https:\/\/rtl.hu\/hirado\/2024\/07\/18\/operahaz-bmw-okovacs-szilveszter\">RTL klub h\u00edrad\u00f3 &#8211; \u00d3kov\u00e1cs Szilveszter haszn\u00e1lja az Operah\u00e1znak biztos\u00edtott pr\u00e9mium n\u00e9met v\u00e1rosi szabadid\u0151aut\u00f3t<\/a><\/li>\n<li><a href=\"https:\/\/www.klubradio.hu\/archivum\/megbeszeljuk-2024-julius-18-csutortok-1605-42486\">Klubr\u00e1di\u00f3 &#8211; Riport B\u00e1r\u00e1ny Bal\u00e1zs P\u00e9terrel (40:07-t\u0151l)<\/a><\/li>\n<li><a href=\"https:\/\/rtl.hu\/kultura\/2024\/07\/17\/okovacs-szilveszter-operahaz-60-millios-bmw\">RTL.hu &#8211; Az Operah\u00e1z igazgat\u00f3ja 60 milli\u00f3s BMW-vel parkol a kir\u00e1lyi felhajt\u00f3n<\/a><\/li>\n<li><a href=\"https:\/\/index.hu\/kultur\/2024\/07\/11\/operahaz-szakszervezetek-elbocsatasok-sztrajk\/\">Index &#8211; Kult\u00far &#8211; \u00dajabb sztr\u00e1jk kezd\u0151dhet az Operah\u00e1zban az elbocs\u00e1t\u00e1sok miatt<\/a><\/li>\n<li><a href=\"https:\/\/www.youtube.com\/watch?v=O3LM4Ab9K7c\">ATV &#8211; \u00dajabb balh\u00e9 az Oper\u00e1ban: 19 embert elbocs\u00e1tottak, \u00d3kov\u00e1cs szerint nem bossz\u00far\u00f3l van sz\u00f3<\/a><\/li>\n<li><a href=\"https:\/\/index.hu\/kultur\/2024\/07\/02\/magyar-allami-operahaz-okovacs-szilveszter-csillagora-beszed-sztrajk\/\">Index &#8211; Kult\u00far &#8211; Kisziv\u00e1rgott egy felv\u00e9tel \u2013 \u00d3kov\u00e1cs Szilveszter: F\u00e1jjon az is, ha engem b\u00e1ntanak<\/a><\/li>\n<li><a href=\"https:\/\/www.klubradio.hu\/archivum\/esti-gyors-2024-julius-01-hetfo-1815-42103\">Klubr\u00e1di\u00f3 &#8211; Riport B\u00e1r\u00e1ny Bal\u00e1zs P\u00e9terrel (21:20-t\u00f3l)<\/a><\/li>\n<li><a href=\"https:\/\/magyarnarancs.hu\/belpol\/elbocsatasba-kezdett-az-opera-sztrajkolot-is-kirugtak-269143\">Magyar Narancs -Elbocs\u00e1t\u00e1sba kezdett az Opera, sztr\u00e1jkol\u00f3t is kir\u00fagtak<\/a><\/li>\n<li><a href=\"https:\/\/www.szeretlekmagyarorszag.hu\/hirek\/okovacs-szilveszternek-uzentek-a-szakszervezeti-vezetok-az-elbocsatasok-indoklasa-alsagos-mivel-a-valos-cel-a-megfelemlites-a-megtorlas\/?fbclid=IwZXh0bgNhZW0CMTEAAR3ohedYHOynokP7nrLbC0KtcLToor6kGJV0R1sNBSqo0onrwl_hJWCRVsc_aem_YzrqaTzWJEo9AYmid9a20A&amp;sfnsn=mo\">Szeretlek Magyarorsz\u00e1g &#8211; \u00d3kov\u00e1cs Szilveszternek \u00fczentek a szakszervezeti vezet\u0151k: Az elbocs\u00e1t\u00e1sok indokl\u00e1sa \u00e1ls\u00e1gos, mivel a val\u00f3s c\u00e9l a megf\u00e9leml\u00edt\u00e9s, a megtorl\u00e1s<\/a><\/li>\n<li><a href=\"https:\/\/index.hu\/kultur\/2024\/06\/28\/operahaz-elbocsajtasok-szakszervezet-megfelemlites-megtorlas\/\">Index &#8211; Kit\u00f6rt a balh\u00e9 az Operah\u00e1zban az elbocs\u00e1t\u00e1sok miatt<\/a><\/li>\n<li><a href=\"https:\/\/magyarnarancs.hu\/belpol\/az-opera-nem-hajlando-tajekoztatni-az-elbocsatasokrol-269046\">Magyar Narancs &#8211; Az Opera nem hajland\u00f3 t\u00e1j\u00e9koztatni az elbocs\u00e1t\u00e1sokr\u00f3l<\/a><\/li>\n<li><a href=\"https:\/\/index.hu\/kultur\/2024\/05\/24\/magyar-allami-operahaz-kollektiv-szerzodes-barany-balazs-operahazi-dolgozok-fuggetlen-szakszervezete\/\">Index &#8211;\u00a0Az Operah\u00e1z id\u0151t k\u00e9r, egyel\u0151re nem \u00fclnek egy asztalhoz a felek<\/a><\/li>\n<li><a href=\"https:\/\/mfor.hu\/cikkek\/kultura\/operahaz-valtoztatasok-koltseghatekonysag-letszamleepites-koltsegvetes-sztrajk-kollektiv-szerzodes.html\">Mfor &#8211; &#8222;Ha a tagjainkhoz hozz\u00e1ny\u00falnak, kit\u00f6r a balh\u00e9&#8221; \u2013 felkorb\u00e1csolta az indulatokat az operah\u00e1zi dolgoz\u00f3k tervezett elbocs\u00e1t\u00e1sa<\/a><\/li>\n<li><a href=\"https:\/\/index.hu\/kultur\/2024\/05\/22\/operahaz-letszamleepites-szakszervezet-targyalas-barany-balazs-okovacs-szilveszter\/\">Index &#8211; Kult\u00far &#8211; Nincs b\u00e9ke az Operah\u00e1zban, aggodalmat v\u00e1ltott ki a l\u00e9tsz\u00e1mle\u00e9p\u00edt\u00e9s h\u00edre<\/a><\/li>\n<li><a href=\"https:\/\/index.hu\/kultur\/2024\/04\/26\/magyar-allami-operahaz-okovacs-szilveszter-barany-balazs-kollektiv-szerzodes\/#\">Index &#8211; Kult\u00far &#8211; \u00d3kov\u00e1cs Szilveszter beadta a derek\u00e1t<\/a><\/li>\n<li><a href=\"https:\/\/index.hu\/kultur\/2024\/04\/23\/magyar-allami-operahaz-sztrajk-felfuggesztett-targyalasok-kollektiv-szerzodes-barany-balazs\/\">Index &#8211; Kult\u00far &#8211; Lassan kifutnak az id\u0151b\u0151l az Operah\u00e1zban: k\u00f6zeleg egy fontos d\u00e1tum.<\/a><\/li>\n<li><a href=\"https:\/\/www.klubradio.hu\/archivum\/reggeli-gyors-2024-marcius-25-hetfo-0600-39930\">2024.03.25. Klubr\u00e1di\u00f3 Reggeli gyors &#8211; riport B\u00e1r\u00e1ny Bal\u00e1zzsal (120:50-t\u0151l)<\/a><\/li>\n<li><a href=\"https:\/\/index.hu\/kultur\/2024\/03\/24\/operahaz-sztrajk-felfuggesztettek\/\">Felf\u00fcggesztett\u00e9k a sztr\u00e1jkot az Operah\u00e1zban &#8211; Index<\/a><\/li>\n<li><a href=\"https:\/\/rtl.hu\/hirado\/2024\/03\/23\/operahaz-sztrajk-elmaradt-eloadas-okovacs-szilveszter\">\u00d3kov\u00e1cs Szilveszternek a \u201ek\u00e9tfark\u00faak ingyen s\u00f6r \u00e9s \u00f6r\u00f6k \u00e9let programja\u201d jutott esz\u00e9be a sztr\u00e1jkol\u00f3k egyes k\u00e9r\u00e9seir\u0151l &#8211; RTL h\u00edrad\u00f3<\/a><\/li>\n<li><a href=\"https:\/\/index.hu\/kultur\/2024\/03\/20\/magyar-allami-operahaz-don-giovanni-hunyadi-laszlo-barany-balazs\/\">Terjed a sztr\u00e1jk: ma este k\u00f3rus \u00e9s t\u00e1ncosok n\u00e9lk\u00fcl lesz el\u0151ad\u00e1s az Operah\u00e1zban &#8211; Index<\/a><\/li>\n<li><a href=\"https:\/\/magyarnarancs.hu\/szinhaz2\/korus-nelkuli-fogjak-jatszani-a-hunyadi-laszlot-este-az-operaban-266587\">K\u00f3rus n\u00e9lk\u00fcli fogj\u00e1k j\u00e1tszani a Hunyadi L\u00e1szl\u00f3t este az Oper\u00e1ban | Magyar Narancs<\/a><\/li>\n<li><a href=\"https:\/\/www.youtube.com\/watch?v=c9eAkP0AzGA&amp;t=1s&amp;pp=ygUJYXR2IHN0YXJ0\">Teljes k\u00e1osz az Oper\u00e1ban! A Don Giovanni alatt kezdtek sztr\u00e1jkba a dolgoz\u00f3k &#8211; ATV Start<\/a><\/li>\n<li><a href=\"https:\/\/index.hu\/kultur\/2024\/03\/20\/magyar-allami-operahaz-sztrajk-don-giovanni-barany-balazs-tibor-okovacs-szilveszter\/\">A sztr\u00e1jk folytat\u00f3dik, az Index munkat\u00e1rsait kizavart\u00e1k az Operah\u00e1zb\u00f3l &#8211; Index<\/a><\/li>\n<li><a href=\"https:\/\/nepszava.hu\/3229169_operahaz-sztrajk-beremeles-okovacs-szilveszter\">R\u00e9szleges sztr\u00e1jkot tartottak az Oper\u00e1ban, zenekar n\u00e9lk\u00fcl indult a Don Giovanni &#8211; N\u00e9pszava<\/a><\/li>\n<li><a href=\"https:\/\/telex.hu\/belfold\/2024\/03\/19\/magyar-allami-operahaz-okovacs-szilveszter-sztrajk-don-giovanni\">A sztr\u00e1jk miatt zenekar n\u00e9lk\u00fcl kezd\u0151d\u00f6tt a Don Giovanni az Oper\u00e1ban &#8211; Telex<\/a><\/li>\n<li><a href=\"https:\/\/www.blikk.hu\/sztarvilag\/hazai-sztarok\/sztrajk-opera-botrany\/60wmkp4\">\u00cdgy sztr\u00e1jkoltak az Operah\u00e1z dolgoz\u00f3i: megegyez\u00e9st szeretn\u00e9nek, de nincs keret a b\u00e9rrendez\u00e9sre \u2013 vide\u00f3 (Blikk)<\/a><\/li>\n<li><a href=\"https:\/\/index.hu\/kultur\/2024\/03\/19\/magyar-allami-operahaz-sztrajk-don-giovanni-eloadas\/\">M\u00e9gis sztr\u00e1jkoltak az Operah\u00e1zban, \u00d3kov\u00e1cs Szilveszter pr\u00f3b\u00e1lta csorb\u00edtani a jelent\u0151s\u00e9g\u00e9t &#8211; Index<\/a><\/li>\n<li><a href=\"https:\/\/www.magyarhirlap.hu\/kultura\/20240318-bal-lesz-az-operahazban\">2024.03.19. &#8222;B\u00e1l&#8221; lesz az Operah\u00e1zban &#8211; Magyar H\u00edrlap<\/a><\/li>\n<li><a href=\"https:\/\/nepszava.hu\/3229016_operahaz-sztrajk-bertargyalas-operahazi-dolgozok-fuggetlen-szakszervezete\">2024.03.18. Eredm\u00e9nytelenek voltak a t\u00e1rgyal\u00e1sok, sztr\u00e1jkba l\u00e9pnek az Operah\u00e1z dolgoz\u00f3i &#8211; N\u00e9pszava<\/a><\/li>\n<li><a href=\"https:\/\/24.hu\/kultura\/2024\/03\/18\/opera-sztrajk-ber-eladas\/\">2024.03.18. Sztr\u00e1jk lesz az Oper\u00e1ban, vesz\u00e9lyben a holnapi Mozart-el\u0151ad\u00e1s | 24.hu<\/a><\/li>\n<li><a href=\"http:\/\/Sztr\u00e1jk miatt elmaradhat a keddi el\u0151dad\u00e1s az Operah\u00e1zban - Mandiner\" data-wplink-url-error=\"true\">2024.03.18. Sztr\u00e1jk miatt elmaradhat a keddi el\u0151dad\u00e1s az Operah\u00e1zban &#8211; Mandiner<\/a><\/li>\n<li><a href=\"https:\/\/programod.hu\/megszolaltak-az-operahaz-dolgozoi\/\">2024.03.14. Megbuktak a t\u00e1rgyal\u00e1sok: Megsz\u00f3laltak az Operah\u00e1z dolgoz\u00f3i is &#8211; Programod magazin<\/a><\/li>\n<li><a href=\"https:\/\/index.hu\/kultur\/2024\/03\/14\/opera-tuntetes-carmina-dolgozok-okovacs-szilveszter-bufebotrany-carmina-burana\/\">2024.03.14. B\u00e9remel\u00e9sig t\u00fcntetnek az Operah\u00e1z dolgoz\u00f3i &#8211; Index<\/a><\/li>\n<li><a href=\"https:\/\/odfsz.hu\/wp-content\/uploads\/2024\/03\/Bertargyalas-bufezajban.jpg\">2024.03.14. B\u00e9rt\u00e1rgyal\u00e1s b\u00fcf\u00e9zajban &#8211; Magyar Hang (nyomdai kiad\u00e1s)<\/a><\/li>\n<li><a href=\"https:\/\/www.klubradio.hu\/archivum\/folyt-kov-volt-egyszer-egy-nepszabadsag-2024-marcius-14-csutortok-2000-39713\">2024.03.14. Klubr\u00e1di\u00f3 &#8211; riport B\u00e1r\u00e1ny Bal\u00e1zs P\u00e9terrel (11:50-t\u0151l)<\/a><\/li>\n<li><a href=\"https:\/\/www.klubradio.hu\/archivum\/szolidaritas-2024-februar-28-szerda-1400-39352\">2024.02.28. Klubr\u00e1di\u00f3 &#8211; riport B\u00e1r\u00e1ny Bal\u00e1zs P\u00e9terrel (33:20-t\u00f3l)<\/a><\/li>\n<li><a href=\"https:\/\/www.klubradio.hu\/archivum\/szolidaritas-2024-februar-28-szerda-1400-39352\">2024.02.28. Klubr\u00e1di\u00f3 &#8211; riport B\u00e1r\u00e1ny Bal\u00e1zs P\u00e9terrel (33:20-t\u00f3l)<\/a><\/li>\n<li><a href=\"https:\/\/www.klubradio.hu\/archivum\/szolidaritas-2024-februar-28-szerda-1400-39352\">2024.02.28. Klubr\u00e1di\u00f3 &#8211; riport B\u00e1r\u00e1ny Bal\u00e1zs P\u00e9terrel (33:20-t\u00f3l)<\/a><\/li>\n<li><a href=\"https:\/\/www.szeretlekmagyarorszag.hu\/hirek\/sztrajkra-keszulnek-az-operaban-eleguk-lett-az-ott-dolgozoknak-tobb-penzt-szeretnenek\/\">Sztr\u00e1jkra k\u00e9sz\u00fclnek az Oper\u00e1ban: eleg\u00fck lett az ott dolgoz\u00f3knak, t\u00f6bb p\u00e9nzt szeretn\u00e9nek<\/a> |\u00a0<a href=\"http:\/\/szmo.hu\/\" target=\"_blank\" rel=\"noopener\" data-saferedirecturl=\"https:\/\/www.google.com\/url?q=http:\/\/szmo.hu&amp;source=gmail&amp;ust=1708878333676000&amp;usg=AOvVaw2PUGXAFliKyk6mAM8MdsYh\">szmo.hu<\/a><\/li>\n<li><a href=\"https:\/\/www.atv.hu\/belfold\/20240223\/operahaz-sztrajk-fizetesemeles\">Eleg\u00fck van az Operah\u00e1z dolgoz\u00f3inak, sztr\u00e1jkba kezdenek ATV<\/a><\/li>\n<li><a href=\"https:\/\/index.hu\/kultur\/2024\/02\/24\/magyar-allami-operahaz-sztrajk-szakszervezet-beremeles-kollektiv-szerzodes\/\">Index &#8211; Kult\u00far &#8211; Sztr\u00e1jkba kezdenek a Magyar \u00c1llami Operah\u00e1z dolgoz\u00f3i<\/a><\/li>\n<li><a href=\"https:\/\/magyarnarancs.hu\/belpol\/marciusban-sztrajkba-lepnek-az-opera-dolgozoi-265926\">M\u00e1rciusban sztr\u00e1jkba l\u00e9pnek az Opera dolgoz\u00f3i | Magyar Narancs<\/a><\/li>\n<li><a href=\"https:\/\/www.economx.hu\/kulfold\/parizsi-opera-tancosok-sztrajk-munkavallalok.782284.html\">Sztr\u00e1jkolnak a balerin\u00e1k, elmarad a Di\u00f3t\u00f6r\u0151 &#8211; P\u00e1rizsban<\/a><\/li>\n<li><a href=\"https:\/\/magyarnarancs.hu\/belpol\/okovacs-aldi-s-atlagbereket-kert-az-opera-muveszeinek-de-lepattant-a-kulturalis-miniszterrol-263552\" target=\"_blank\" rel=\"noopener\">\u00d3kov\u00e1cs ALDI-s \u00e1tlagb\u00e9reket k\u00e9rt az Opera m\u0171v\u00e9szeinek, de lepattant a kultur\u00e1lis miniszterr\u0151l (november 21. Magyar Narancs)<\/a><\/li>\n<li><a href=\"https:\/\/www.klubradio.hu\/archivum\/folyt-kov-volt-egyszer-egy-nepszabadsag-2023-november-02-csutortok-2000-36746\" target=\"_blank\" rel=\"noopener\">B\u00e1r\u00e1ny Bal\u00e1zs interj\u00fa (november 3. Klubr\u00e1di\u00f3)<\/a><\/li>\n<\/ul>\n","protected":false},"excerpt":{"rendered":"<p>Itt tal\u00e1lj\u00e1tok az Operah\u00e1zr\u00f3l, vagy szakszervezet\u00fcnkr\u0151l a m\u00e9di\u00e1ban megjelent tartalmak linkjeit. Ha fenti t\u00e9m\u00e1ban b\u00e1rmi&#8230;<\/p>\n","protected":false},"author":1,"featured_media":0,"parent":0,"menu_order":0,"comment_status":"closed","ping_status":"closed","template":"","meta":{"footnotes":""},"class_list":["post-2136","page","type-page","status-publish","hentry"],"_links":{"self":[{"href":"https:\/\/odfsz.hu\/index.php?rest_route=\/wp\/v2\/pages\/2136","targetHints":{"allow":["GET"]}}],"collection":[{"href":"https:\/\/odfsz.hu\/index.php?rest_route=\/wp\/v2\/pages"}],"about":[{"href":"https:\/\/odfsz.hu\/index.php?rest_route=\/wp\/v2\/types\/page"}],"author":[{"embeddable":true,"href":"https:\/\/odfsz.hu\/index.php?rest_route=\/wp\/v2\/users\/1"}],"replies":[{"embeddable":true,"href":"https:\/\/odfsz.hu\/index.php?rest_route=%2Fwp%2Fv2%2Fcomments&post=2136"}],"version-history":[{"count":93,"href":"https:\/\/odfsz.hu\/index.php?rest_route=\/wp\/v2\/pages\/2136\/revisions"}],"predecessor-version":[{"id":3327,"href":"https:\/\/odfsz.hu\/index.php?rest_route=\/wp\/v2\/pages\/2136\/revisions\/3327"}],"wp:attachment":[{"href":"https:\/\/odfsz.hu\/index.php?rest_route=%2Fwp%2Fv2%2Fmedia&parent=2136"}],"curies":[{"name":"wp","href":"https:\/\/api.w.org\/{rel}","templated":true}]}}